{"id":106,"date":"2021-02-20T18:02:39","date_gmt":"2021-02-20T17:02:39","guid":{"rendered":"http:\/\/taxi-morlaix-kergoat.bzh\/?page_id=106"},"modified":"2026-04-13T19:40:40","modified_gmt":"2026-04-13T17:40:40","slug":"tarifs","status":"publish","type":"page","link":"https:\/\/taxi-morlaix-kergoat.bzh\/index.php\/tarifs\/","title":{"rendered":"TARIFS"},"content":{"rendered":"\n<h2 class=\"wp-block-heading has-text-align-center\">TARIFS PR\u00c9FECTORAUX 2026 DU FINIST\u00c8RE<\/h2>\n\n\n\n<figure class=\"wp-block-table is-style-stripes\"><table class=\"has-fixed-layout\"><tbody><tr><td><\/td><td>DE 7H A 19H SAUF DIMANCHES ET JOURS FERIES<\/td><td>DE 19H A 7H ET LES DIMANCHES ET JOURS FERIES<\/td><\/tr><tr><td>Prise en charge<\/td><td>2,90 \u20ac<\/td><td>2,90 \u20ac<\/td><\/tr><tr><td>Heure d&rsquo;attente ou marche lente<\/td><td>30,70 \u20ac<\/td><td>30,70 \u20ac<\/td><\/tr><tr><td>Aller retour en charge tarif A<\/td><td>1,06 \u20ac<\/td><td><\/td><\/tr><tr><td>Aller retour en charge tarif B<\/td><td><\/td><td>1,58 \u20ac<\/td><\/tr><tr><td>Aller simple tarif C<\/td><td>2,12 \u20ac<\/td><td><\/td><\/tr><tr><td>Aller simple tarif D<\/td><td><\/td><td>3,17 \u20ac<\/td><\/tr><\/tbody><\/table><\/figure>\n\n\n\n<h2 class=\"wp-block-heading has-text-align-center\">SUPPL\u00c9MENTS<\/h2>\n\n\n\n<figure class=\"wp-block-table is-style-stripes\"><table class=\"has-fixed-layout\"><tbody><tr><td>Par bagages (au del\u00e0 de 3 par passager)<\/td><td>2,00 \u20ac<\/td><\/tr><tr><td>Adulte suppl\u00e9mentaire \u00e0 partir de la 5\u00e8me personne<\/td><td>4,00 \u20ac<\/td><\/tr><tr><td>P\u00e9ages<\/td><td>Sur justificatif<\/td><\/tr><\/tbody><\/table><\/figure>\n\n\n\n<p>Le tarif minimum, suppl\u00e9ments inclus est de 8,00 \u20ac<\/p>\n","protected":false},"excerpt":{"rendered":"<p>TARIFS PR\u00c9FECTORAUX 2026 DU FINIST\u00c8RE DE 7H A 19H SAUF DIMANCHES ET JOURS FERIES DE 19H A 7H ET LES DIMANCHES ET JOURS FERIES Prise en charge 2,90 \u20ac 2,90 \u20ac Heure d&rsquo;attente ou marche lente 30,70 \u20ac 30,70 \u20ac Aller retour en charge tarif A 1,06 \u20ac Aller retour en charge tarif B 1,58 [&hellip;]<\/p>\n","protected":false},"author":1,"featured_media":0,"parent":0,"menu_order":8,"comment_status":"closed","ping_status":"closed","template":"","meta":{"footnotes":""},"class_list":["post-106","page","type-page","status-publish","hentry"],"_links":{"self":[{"href":"https:\/\/taxi-morlaix-kergoat.bzh\/index.php\/wp-json\/wp\/v2\/pages\/106","targetHints":{"allow":["GET"]}}],"collection":[{"href":"https:\/\/taxi-morlaix-kergoat.bzh\/index.php\/wp-json\/wp\/v2\/pages"}],"about":[{"href":"https:\/\/taxi-morlaix-kergoat.bzh\/index.php\/wp-json\/wp\/v2\/types\/page"}],"author":[{"embeddable":true,"href":"https:\/\/taxi-morlaix-kergoat.bzh\/index.php\/wp-json\/wp\/v2\/users\/1"}],"replies":[{"embeddable":true,"href":"https:\/\/taxi-morlaix-kergoat.bzh\/index.php\/wp-json\/wp\/v2\/comments?post=106"}],"version-history":[{"count":10,"href":"https:\/\/taxi-morlaix-kergoat.bzh\/index.php\/wp-json\/wp\/v2\/pages\/106\/revisions"}],"predecessor-version":[{"id":566,"href":"https:\/\/taxi-morlaix-kergoat.bzh\/index.php\/wp-json\/wp\/v2\/pages\/106\/revisions\/566"}],"wp:attachment":[{"href":"https:\/\/taxi-morlaix-kergoat.bzh\/index.php\/wp-json\/wp\/v2\/media?parent=106"}],"curies":[{"name":"wp","href":"https:\/\/api.w.org\/{rel}","templated":true}]}}