{"id":13,"date":"2021-02-19T23:16:34","date_gmt":"2021-02-19T22:16:34","guid":{"rendered":"http:\/\/taxi-morlaix-kergoat.bzh\/?page_id=13"},"modified":"2024-04-09T22:10:19","modified_gmt":"2024-04-09T20:10:19","slug":"services","status":"publish","type":"page","link":"https:\/\/taxi-morlaix-kergoat.bzh\/index.php\/services\/","title":{"rendered":"NOS SERVICES"},"content":{"rendered":"\n<h2 class=\"wp-block-heading\" style=\"font-size:25px\">Transports m\u00e9dicaux conventionn\u00e9s<\/h2>\n\n\n\n<div class=\"wp-block-media-text alignwide is-stacked-on-mobile is-vertically-aligned-center\" style=\"grid-template-columns:15% auto\"><figure class=\"wp-block-media-text__media\"><img loading=\"lazy\" decoding=\"async\" width=\"360\" height=\"360\" src=\"https:\/\/taxi-morlaix-kergoat.bzh\/wp-content\/uploads\/2021\/02\/Service2.jpg\" alt=\"\" class=\"wp-image-103 size-full\" srcset=\"https:\/\/taxi-morlaix-kergoat.bzh\/wp-content\/uploads\/2021\/02\/Service2.jpg 360w, https:\/\/taxi-morlaix-kergoat.bzh\/wp-content\/uploads\/2021\/02\/Service2-300x300.jpg 300w, https:\/\/taxi-morlaix-kergoat.bzh\/wp-content\/uploads\/2021\/02\/Service2-150x150.jpg 150w, https:\/\/taxi-morlaix-kergoat.bzh\/wp-content\/uploads\/2021\/02\/Service2-100x100.jpg 100w, https:\/\/taxi-morlaix-kergoat.bzh\/wp-content\/uploads\/2021\/02\/Service2-116x116.jpg 116w\" sizes=\"auto, (max-width: 360px) 100vw, 360px\" \/><\/figure><div class=\"wp-block-media-text__content\">\n<p class=\"has-normal-font-size\">Nous sommes <strong>agr\u00e9es \u00ab\u00a0professionnels de sant\u00e9s\u00a0\u00bb par l&rsquo;Assurance Maladie<\/strong> pour tous les transports m\u00e9dicaux assis.<\/p>\n<\/div><\/div>\n\n\n\n<p><\/p>\n\n\n\n<p>\u00c0 ce titre vous pouvez \u00eatre dispens\u00e9s d&rsquo;avance de tout ou partie des frais de transport sur prescription m\u00e9dicale selon les cas. Nous nous chargeons de remplir et d&rsquo;envoyer les documents administratifs. <\/p>\n\n\n\n<p>Nous vous accompagnons \u00e0 vos rendez-vous m\u00e9dicaux (consultations, radios&#8230;). <\/p>\n\n\n\n<p>En cas d&rsquo;hospitalisation, nous vous accompagnons et venons vous chercher jusqu&rsquo;\u00e0 votre chambre si n\u00e9cessaire.  Nous vous assistons \u00e9galement dans les d\u00e9marches administratives d&rsquo;admission et sortie.<\/p>\n\n\n\n<h2 class=\"wp-block-heading\" style=\"font-size:25px\">Transports des enfants <\/h2>\n\n\n\n<p>Nous pouvons accompagner vos enfants dans tous les centres sp\u00e9cialis\u00e9s (<strong>CAMSP, CMPI, CMPP, CMPA, maison des pins<\/strong>&#8230;). Nous nous occupons d&rsquo;aller chercher votre enfant en classe ou \u00e0 la maison, de l&#8217;emmener \u00e0 son rendez-vous et de son retour ensuite.<\/p>\n\n\n\n<h2 class=\"wp-block-heading\" style=\"font-size:25px\">Particuliers<\/h2>\n\n\n\n<p><strong>Transfert a\u00e9roport, gare TGV, SNCF<\/strong> : vous devez vous rendre \u00e0 la gare ou \u00e0 l&rsquo;a\u00e9roport ? <strong>R\u00e9servez-nous \u00e0 l&rsquo;avance,<\/strong> ainsi vous serez s\u00fbr de trouver un taxi \u00e0 la sortie m\u00eame s&rsquo;il y a du retard. <\/p>\n\n\n\n<p>Les occasions de b\u00e9n\u00e9ficier de nos services sont nombreuses.<\/p>\n\n\n\n<h2 class=\"wp-block-heading\" style=\"font-size:25px\">Professionnels<\/h2>\n\n\n\n<p>Compagnies d&rsquo;assistance-rapatriement, de transports de voyageurs, tours op\u00e9rateurs, organisateurs d&rsquo;\u00e9v\u00e8nements ou spectacles&#8230;<\/p>\n\n\n\n<p>Pour tous vos d\u00e9placements professionnels n&rsquo;h\u00e9sitez pas \u00e0 nous contacter.<\/p>\n\n\n\n<h2 class=\"wp-block-heading\" style=\"font-size:25px\">Transports de colis <\/h2>\n\n\n\n<p>Nous pouvons transporter tous type de colis ou animaux que vous pourriez nous confier.<\/p>\n\n\n\n<p>N&rsquo;h\u00e9sitez pas \u00e0 nous contacter pour \u00e9tablir un devis.<\/p>\n","protected":false},"excerpt":{"rendered":"<p>Transports m\u00e9dicaux conventionn\u00e9s Nous sommes agr\u00e9es \u00ab\u00a0professionnels de sant\u00e9s\u00a0\u00bb par l&rsquo;Assurance Maladie pour tous les transports m\u00e9dicaux assis. \u00c0 ce titre vous pouvez \u00eatre dispens\u00e9s d&rsquo;avance de tout ou partie des frais de transport sur prescription m\u00e9dicale selon les cas. Nous nous chargeons de remplir et d&rsquo;envoyer les documents administratifs. Nous vous accompagnons \u00e0 vos [&hellip;]<\/p>\n","protected":false},"author":1,"featured_media":0,"parent":0,"menu_order":6,"comment_status":"closed","ping_status":"closed","template":"","meta":{"footnotes":""},"class_list":["post-13","page","type-page","status-publish","hentry"],"_links":{"self":[{"href":"https:\/\/taxi-morlaix-kergoat.bzh\/index.php\/wp-json\/wp\/v2\/pages\/13","targetHints":{"allow":["GET"]}}],"collection":[{"href":"https:\/\/taxi-morlaix-kergoat.bzh\/index.php\/wp-json\/wp\/v2\/pages"}],"about":[{"href":"https:\/\/taxi-morlaix-kergoat.bzh\/index.php\/wp-json\/wp\/v2\/types\/page"}],"author":[{"embeddable":true,"href":"https:\/\/taxi-morlaix-kergoat.bzh\/index.php\/wp-json\/wp\/v2\/users\/1"}],"replies":[{"embeddable":true,"href":"https:\/\/taxi-morlaix-kergoat.bzh\/index.php\/wp-json\/wp\/v2\/comments?post=13"}],"version-history":[{"count":14,"href":"https:\/\/taxi-morlaix-kergoat.bzh\/index.php\/wp-json\/wp\/v2\/pages\/13\/revisions"}],"predecessor-version":[{"id":547,"href":"https:\/\/taxi-morlaix-kergoat.bzh\/index.php\/wp-json\/wp\/v2\/pages\/13\/revisions\/547"}],"wp:attachment":[{"href":"https:\/\/taxi-morlaix-kergoat.bzh\/index.php\/wp-json\/wp\/v2\/media?parent=13"}],"curies":[{"name":"wp","href":"https:\/\/api.w.org\/{rel}","templated":true}]}}