{"id":67,"date":"2021-02-20T00:29:07","date_gmt":"2021-02-19T23:29:07","guid":{"rendered":"http:\/\/taxi-morlaix-kergoat.bzh\/?page_id=67"},"modified":"2024-04-09T22:09:10","modified_gmt":"2024-04-09T20:09:10","slug":"societe","status":"publish","type":"page","link":"https:\/\/taxi-morlaix-kergoat.bzh\/index.php\/societe\/","title":{"rendered":"LA SOCI\u00c9T\u00c9"},"content":{"rendered":"\n<p>Entreprise artisanale&nbsp;<strong>Taxi Kergoat&nbsp;<\/strong>est \u00e0 votre disposition depuis 2009 pour <strong>tout type de d\u00e9placements<\/strong> en France comme \u00e0 l\u2019\u00e9tranger,<\/p>\n\n\n\n<ul class=\"wp-block-list\">\n<li>Transports pour soins m\u00e9dicaux (<strong>conventionn\u00e9 s\u00e9curit\u00e9 sociale<\/strong>),<\/li>\n\n\n\n<li>Transports enfants, CMPP, CLIS, orthophonistes\u2026<\/li>\n\n\n\n<li>Liaisons gares et a\u00e9roports,<\/li>\n\n\n\n<li>Voyages d\u2019affaires<\/li>\n\n\n\n<li>D\u00e9placements priv\u00e9s<\/li>\n\n\n\n<li>Transports de colis.<\/li>\n<\/ul>\n\n\n\n<p><strong>Nous sommes joignables du lundi au samedi de 7h \u00e0 21h<br>au 06 09 38 53 09<br><\/strong><\/p>\n\n\n\n<p><\/p>\n\n\n\n<h2 class=\"wp-block-heading\">Commune de stationnement : <\/h2>\n\n\n\n<div class=\"wp-block-media-text alignwide is-stacked-on-mobile\"><figure class=\"wp-block-media-text__media\"><img loading=\"lazy\" decoding=\"async\" width=\"560\" height=\"440\" src=\"https:\/\/taxi-morlaix-kergoat.bzh\/wp-content\/uploads\/2021\/02\/carte_bretagne-1.jpg\" alt=\"\" class=\"wp-image-118 size-full\" srcset=\"https:\/\/taxi-morlaix-kergoat.bzh\/wp-content\/uploads\/2021\/02\/carte_bretagne-1.jpg 560w, https:\/\/taxi-morlaix-kergoat.bzh\/wp-content\/uploads\/2021\/02\/carte_bretagne-1-300x236.jpg 300w, https:\/\/taxi-morlaix-kergoat.bzh\/wp-content\/uploads\/2021\/02\/carte_bretagne-1-148x116.jpg 148w\" sizes=\"auto, (max-width: 560px) 100vw, 560px\" \/><\/figure><div class=\"wp-block-media-text__content\">\n<p class=\"has-medium-font-size\">Morlaix (29)<\/p>\n<\/div><\/div>\n\n\n\n<p><\/p>\n\n\n\n<h2 class=\"wp-block-heading\">V\u00e9hicule utilis\u00e9 :<\/h2>\n\n\n\n<div class=\"wp-block-media-text alignwide is-stacked-on-mobile\"><figure class=\"wp-block-media-text__media\"><img loading=\"lazy\" decoding=\"async\" width=\"1024\" height=\"630\" src=\"https:\/\/taxi-morlaix-kergoat.bzh\/wp-content\/uploads\/2021\/02\/1020340-copie-1024x630.jpg\" alt=\"\" class=\"wp-image-41 size-full\" srcset=\"https:\/\/taxi-morlaix-kergoat.bzh\/wp-content\/uploads\/2021\/02\/1020340-copie-1024x630.jpg 1024w, https:\/\/taxi-morlaix-kergoat.bzh\/wp-content\/uploads\/2021\/02\/1020340-copie-300x185.jpg 300w, https:\/\/taxi-morlaix-kergoat.bzh\/wp-content\/uploads\/2021\/02\/1020340-copie-768x473.jpg 768w, https:\/\/taxi-morlaix-kergoat.bzh\/wp-content\/uploads\/2021\/02\/1020340-copie-1536x945.jpg 1536w, https:\/\/taxi-morlaix-kergoat.bzh\/wp-content\/uploads\/2021\/02\/1020340-copie-2048x1261.jpg 2048w\" sizes=\"auto, (max-width: 1024px) 100vw, 1024px\" \/><\/figure><div class=\"wp-block-media-text__content\">\n<p class=\"has-medium-font-size\">Tesla Model 3<\/p>\n<\/div><\/div>\n\n\n\n<p><strong>Roulez \u00c9co-responsable<\/strong><\/p>\n\n\n\n<p>V\u00e9hicule 100% \u00e9lectrique, haut de gamme, sans \u00e9missions de CO2, sans particules fines, sans bruit, sans stress. <\/p>\n\n\n\n<p><\/p>\n\n\n\n<h2 class=\"wp-block-heading\">Moyens de paiement :<\/h2>\n\n\n\n<div class=\"wp-block-media-text alignwide is-stacked-on-mobile\"><figure class=\"wp-block-media-text__media\"><img loading=\"lazy\" decoding=\"async\" width=\"756\" height=\"359\" src=\"https:\/\/taxi-morlaix-kergoat.bzh\/wp-content\/uploads\/2021\/02\/moyen-de-paiement.png\" alt=\"\" class=\"wp-image-80 size-full\" srcset=\"https:\/\/taxi-morlaix-kergoat.bzh\/wp-content\/uploads\/2021\/02\/moyen-de-paiement.png 756w, https:\/\/taxi-morlaix-kergoat.bzh\/wp-content\/uploads\/2021\/02\/moyen-de-paiement-300x142.png 300w, https:\/\/taxi-morlaix-kergoat.bzh\/wp-content\/uploads\/2021\/02\/moyen-de-paiement-228x108.png 228w\" sizes=\"auto, (max-width: 756px) 100vw, 756px\" \/><\/figure><div class=\"wp-block-media-text__content\">\n<p class=\"has-medium-font-size\">Esp\u00e8ces, ch\u00e8ques bancaires, cartes bancaires, virements<\/p>\n<\/div><\/div>\n\n\n\n<p><\/p>\n\n\n\n<h2 class=\"wp-block-heading\">Nos petits plus :<\/h2>\n\n\n\n<div class=\"wp-block-media-text alignwide is-stacked-on-mobile\" style=\"grid-template-columns:15% auto\"><figure class=\"wp-block-media-text__media\"><img loading=\"lazy\" decoding=\"async\" width=\"720\" height=\"720\" src=\"https:\/\/taxi-morlaix-kergoat.bzh\/wp-content\/uploads\/2021\/02\/icons-847269_960_720.png\" alt=\"\" class=\"wp-image-426 size-full\" srcset=\"https:\/\/taxi-morlaix-kergoat.bzh\/wp-content\/uploads\/2021\/02\/icons-847269_960_720.png 720w, https:\/\/taxi-morlaix-kergoat.bzh\/wp-content\/uploads\/2021\/02\/icons-847269_960_720-300x300.png 300w, https:\/\/taxi-morlaix-kergoat.bzh\/wp-content\/uploads\/2021\/02\/icons-847269_960_720-150x150.png 150w\" sizes=\"auto, (max-width: 720px) 100vw, 720px\" \/><\/figure><div class=\"wp-block-media-text__content\">\n<p class=\"has-medium-font-size\">Chauffeur non fumeur<\/p>\n<\/div><\/div>\n\n\n\n<div class=\"wp-block-media-text alignwide is-stacked-on-mobile\" style=\"grid-template-columns:15% auto\"><figure class=\"wp-block-media-text__media\"><img loading=\"lazy\" decoding=\"async\" width=\"256\" height=\"256\" src=\"https:\/\/taxi-morlaix-kergoat.bzh\/wp-content\/uploads\/2021\/02\/animals-dog.png\" alt=\"\" class=\"wp-image-85 size-full\" srcset=\"https:\/\/taxi-morlaix-kergoat.bzh\/wp-content\/uploads\/2021\/02\/animals-dog.png 256w, https:\/\/taxi-morlaix-kergoat.bzh\/wp-content\/uploads\/2021\/02\/animals-dog-150x150.png 150w, https:\/\/taxi-morlaix-kergoat.bzh\/wp-content\/uploads\/2021\/02\/animals-dog-100x100.png 100w, https:\/\/taxi-morlaix-kergoat.bzh\/wp-content\/uploads\/2021\/02\/animals-dog-116x116.png 116w\" sizes=\"auto, (max-width: 256px) 100vw, 256px\" \/><\/figure><div class=\"wp-block-media-text__content\">\n<p class=\"has-medium-font-size\">Animaux accept\u00e9s<\/p>\n<\/div><\/div>\n\n\n\n<div class=\"wp-block-media-text alignwide is-stacked-on-mobile\" style=\"grid-template-columns:15% auto\"><figure class=\"wp-block-media-text__media\"><img loading=\"lazy\" decoding=\"async\" width=\"248\" height=\"250\" src=\"https:\/\/taxi-morlaix-kergoat.bzh\/wp-content\/uploads\/2021\/02\/gI_86878_i-Size-icon-01.png\" alt=\"\" class=\"wp-image-84 size-full\" srcset=\"https:\/\/taxi-morlaix-kergoat.bzh\/wp-content\/uploads\/2021\/02\/gI_86878_i-Size-icon-01.png 248w, https:\/\/taxi-morlaix-kergoat.bzh\/wp-content\/uploads\/2021\/02\/gI_86878_i-Size-icon-01-150x150.png 150w, https:\/\/taxi-morlaix-kergoat.bzh\/wp-content\/uploads\/2021\/02\/gI_86878_i-Size-icon-01-100x100.png 100w, https:\/\/taxi-morlaix-kergoat.bzh\/wp-content\/uploads\/2021\/02\/gI_86878_i-Size-icon-01-115x116.png 115w\" sizes=\"auto, (max-width: 248px) 100vw, 248px\" \/><\/figure><div class=\"wp-block-media-text__content\">\n<p class=\"has-medium-font-size\">Si\u00e8ges enfants displonibles sur simple demande<\/p>\n<\/div><\/div>\n\n\n\n<p><\/p>\n","protected":false},"excerpt":{"rendered":"<p>Entreprise artisanale&nbsp;Taxi Kergoat&nbsp;est \u00e0 votre disposition depuis 2009 pour tout type de d\u00e9placements en France comme \u00e0 l\u2019\u00e9tranger, Nous sommes joignables du lundi au samedi de 7h \u00e0 21hau 06 09 38 53 09 Commune de stationnement : Morlaix (29) V\u00e9hicule utilis\u00e9 : Tesla Model 3 Roulez \u00c9co-responsable V\u00e9hicule 100% \u00e9lectrique, haut de gamme, sans [&hellip;]<\/p>\n","protected":false},"author":1,"featured_media":0,"parent":0,"menu_order":9,"comment_status":"closed","ping_status":"closed","template":"","meta":{"footnotes":""},"class_list":["post-67","page","type-page","status-publish","hentry"],"_links":{"self":[{"href":"https:\/\/taxi-morlaix-kergoat.bzh\/index.php\/wp-json\/wp\/v2\/pages\/67","targetHints":{"allow":["GET"]}}],"collection":[{"href":"https:\/\/taxi-morlaix-kergoat.bzh\/index.php\/wp-json\/wp\/v2\/pages"}],"about":[{"href":"https:\/\/taxi-morlaix-kergoat.bzh\/index.php\/wp-json\/wp\/v2\/types\/page"}],"author":[{"embeddable":true,"href":"https:\/\/taxi-morlaix-kergoat.bzh\/index.php\/wp-json\/wp\/v2\/users\/1"}],"replies":[{"embeddable":true,"href":"https:\/\/taxi-morlaix-kergoat.bzh\/index.php\/wp-json\/wp\/v2\/comments?post=67"}],"version-history":[{"count":22,"href":"https:\/\/taxi-morlaix-kergoat.bzh\/index.php\/wp-json\/wp\/v2\/pages\/67\/revisions"}],"predecessor-version":[{"id":546,"href":"https:\/\/taxi-morlaix-kergoat.bzh\/index.php\/wp-json\/wp\/v2\/pages\/67\/revisions\/546"}],"wp:attachment":[{"href":"https:\/\/taxi-morlaix-kergoat.bzh\/index.php\/wp-json\/wp\/v2\/media?parent=67"}],"curies":[{"name":"wp","href":"https:\/\/api.w.org\/{rel}","templated":true}]}}